{"id":11,"date":"2016-03-23T16:54:51","date_gmt":"2016-03-23T15:54:51","guid":{"rendered":"http:\/\/www.dbasystems.pl\/?page_id=11"},"modified":"2022-05-18T08:23:11","modified_gmt":"2022-05-18T06:23:11","slug":"realizacje","status":"publish","type":"page","link":"https:\/\/www.dbasystems.pl\/index.php\/realizacje\/","title":{"rendered":"Realizacje"},"content":{"rendered":"\n<p>Na rynku <a href=\"https:\/\/www.dbasystems.pl\/index.php\/automatyka-budynkowa\/\">automatyki budynkowej<\/a> oraz <a href=\"https:\/\/www.dbasystems.pl\/index.php\/automatyka-dla-przemyslu\/\">przemys\u0142owej<\/a>, funkcjonujemy od 2009 roku. W tym czasie zrealizowali\u015bmy wiele ciekawych temat\u00f3w. Poni\u017cej przedstawiamy Pa\u0144stwu nasze najciekawsze realizacje. <\/p>\n\n\n<div class=\"row\"><div class=\"uxb-col large-12 columns\"><div class=\"wpb_wrapper\"><div class=\"uxb-port-root-element-wrapper col4 \" data-item-display=\"random\">\r\n\t\t\t\t\t<span class=\"uxb-port-loading-text\"><span>Loading<\/span><\/span>\r\n\t\t\t\t\t\r\n\t\t\t\t\t<div class=\"uxb-port-loaded-element-wrapper\"><ul class=\"uxb-port-element-filters\">\r\n\t\t\t\t\t\t\t<li><a href=\"#\" class=\"active\" data-filter=\"*\">All<\/a><\/li><li><a href=\"#\" data-filter=\".term_5\">Automatyka przemys\u0142owa<\/a><\/li><li><a href=\"#\" data-filter=\".term_4\">Automatyka wentylacji<\/a><\/li><li><a href=\"#\" data-filter=\".term_2\">Systemy BMS<\/a><\/li><\/ul><div class=\"uxb-port-element-wrapper\"><div class=\"uxb-port-element-item term_2 \">\r\n\t\t\t\t\t\t\t<a href=\"https:\/\/www.dbasystems.pl\/index.php\/portfolio\/hotel-heron\/\"><\/a>\r\n\t\t\t\t\t\t\t<div class=\"uxb-port-element-item-hover\">\r\n\t\t\t\t\t\t\t\t<div class=\"uxb-port-element-item-hover-info\"><h4 class=\"portfolio-item-title\">Hotel Heron<\/h4><\/div>\r\n\t\t\t\t\t\t\t<\/div>\r\n\t\t\t\t\t\t\t<img width=\"220\" height=\"300\" src=\"https:\/\/www.dbasystems.pl\/wp-content\/uploads\/2016\/06\/Heron-sm.jpg\" class=\"attachment-uxb-port-element-thumbnails size-uxb-port-element-thumbnails wp-post-image\" alt=\"\" loading=\"lazy\" \/>\r\n\t\t\t\t\t\t<\/div><div class=\"uxb-port-element-item term_2 \">\r\n\t\t\t\t\t\t\t<a href=\"https:\/\/www.dbasystems.pl\/index.php\/portfolio\/hotel-copernicus\/\"><\/a>\r\n\t\t\t\t\t\t\t<div class=\"uxb-port-element-item-hover\">\r\n\t\t\t\t\t\t\t\t<div class=\"uxb-port-element-item-hover-info\"><h4 class=\"portfolio-item-title\">Hotel Copernicus<\/h4><\/div>\r\n\t\t\t\t\t\t\t<\/div>\r\n\t\t\t\t\t\t\t<img width=\"220\" height=\"300\" src=\"https:\/\/www.dbasystems.pl\/wp-content\/uploads\/2016\/03\/hotel_Copernicus-1.jpg\" class=\"attachment-uxb-port-element-thumbnails size-uxb-port-element-thumbnails wp-post-image\" alt=\"Hotel Copernicus\" loading=\"lazy\" \/>\r\n\t\t\t\t\t\t<\/div><div class=\"uxb-port-element-item term_2 \">\r\n\t\t\t\t\t\t\t<a href=\"https:\/\/www.dbasystems.pl\/index.php\/portfolio\/szpital-pulmonologiczny-w-bydgoszczy\/\"><\/a>\r\n\t\t\t\t\t\t\t<div class=\"uxb-port-element-item-hover\">\r\n\t\t\t\t\t\t\t\t<div class=\"uxb-port-element-item-hover-info\"><h4 class=\"portfolio-item-title\">Szpital Pulmonologiczny<\/h4><\/div>\r\n\t\t\t\t\t\t\t<\/div>\r\n\t\t\t\t\t\t\t<img width=\"220\" height=\"300\" src=\"https:\/\/www.dbasystems.pl\/wp-content\/uploads\/2016\/03\/Kujawsko-Pomorskiego-Centrum-Pulmono.jpg\" class=\"attachment-uxb-port-element-thumbnails size-uxb-port-element-thumbnails wp-post-image\" alt=\"\" loading=\"lazy\" \/>\r\n\t\t\t\t\t\t<\/div><div class=\"uxb-port-element-item term_2 \">\r\n\t\t\t\t\t\t\t<a href=\"https:\/\/www.dbasystems.pl\/index.php\/portfolio\/akademickie-centrum-medycyny-inwazyjnej-w-gdansku\/\"><\/a>\r\n\t\t\t\t\t\t\t<div class=\"uxb-port-element-item-hover\">\r\n\t\t\t\t\t\t\t\t<div class=\"uxb-port-element-item-hover-info\"><h4 class=\"portfolio-item-title\">Centrum Medycyny Inwazyjnej<\/h4><\/div>\r\n\t\t\t\t\t\t\t<\/div>\r\n\t\t\t\t\t\t\t<img width=\"220\" height=\"300\" src=\"https:\/\/www.dbasystems.pl\/wp-content\/uploads\/2016\/03\/Centrum_medycyny_inwazyjnej_Aula_Gda\u0144sk.jpg\" class=\"attachment-uxb-port-element-thumbnails size-uxb-port-element-thumbnails wp-post-image\" alt=\"\" loading=\"lazy\" \/>\r\n\t\t\t\t\t\t<\/div><div class=\"uxb-port-element-item term_2 \">\r\n\t\t\t\t\t\t\t<a href=\"https:\/\/www.dbasystems.pl\/index.php\/portfolio\/galeria-szperk-w-gdyni\/\"><\/a>\r\n\t\t\t\t\t\t\t<div class=\"uxb-port-element-item-hover\">\r\n\t\t\t\t\t\t\t\t<div class=\"uxb-port-element-item-hover-info\"><h4 class=\"portfolio-item-title\">Galeria Szperk<\/h4><\/div>\r\n\t\t\t\t\t\t\t<\/div>\r\n\t\t\t\t\t\t\t<img src=\"https:\/\/www.dbasystems.pl\/wp-content\/plugins\/uxbarn-portfolio\/images\/placeholders\/port-grid.gif\" alt=\"No Thumbnail\" \/>\r\n\t\t\t\t\t\t<\/div><div class=\"uxb-port-element-item term_2 \">\r\n\t\t\t\t\t\t\t<a href=\"https:\/\/www.dbasystems.pl\/index.php\/portfolio\/apartamentowiec-nereus-w-juracie\/\"><\/a>\r\n\t\t\t\t\t\t\t<div class=\"uxb-port-element-item-hover\">\r\n\t\t\t\t\t\t\t\t<div class=\"uxb-port-element-item-hover-info\"><h4 class=\"portfolio-item-title\">Apartamentowiec Nereus<\/h4><\/div>\r\n\t\t\t\t\t\t\t<\/div>\r\n\t\t\t\t\t\t\t<img src=\"https:\/\/www.dbasystems.pl\/wp-content\/plugins\/uxbarn-portfolio\/images\/placeholders\/port-grid.gif\" alt=\"No Thumbnail\" \/>\r\n\t\t\t\t\t\t<\/div><div class=\"uxb-port-element-item term_2 \">\r\n\t\t\t\t\t\t\t<a href=\"https:\/\/www.dbasystems.pl\/index.php\/portfolio\/hotel-double-tree-by-hilton-warszawa-wawer\/\"><\/a>\r\n\t\t\t\t\t\t\t<div class=\"uxb-port-element-item-hover\">\r\n\t\t\t\t\t\t\t\t<div class=\"uxb-port-element-item-hover-info\"><h4 class=\"portfolio-item-title\">Hotel DoubleTree By Hilton<\/h4><\/div>\r\n\t\t\t\t\t\t\t<\/div>\r\n\t\t\t\t\t\t\t<img src=\"https:\/\/www.dbasystems.pl\/wp-content\/plugins\/uxbarn-portfolio\/images\/placeholders\/port-grid.gif\" alt=\"No Thumbnail\" \/>\r\n\t\t\t\t\t\t<\/div><div class=\"uxb-port-element-item term_2 \">\r\n\t\t\t\t\t\t\t<a href=\"https:\/\/www.dbasystems.pl\/index.php\/portfolio\/hotel-sepia-w-bydgoszczy\/\"><\/a>\r\n\t\t\t\t\t\t\t<div class=\"uxb-port-element-item-hover\">\r\n\t\t\t\t\t\t\t\t<div class=\"uxb-port-element-item-hover-info\"><h4 class=\"portfolio-item-title\">Hotel Sepia<\/h4><\/div>\r\n\t\t\t\t\t\t\t<\/div>\r\n\t\t\t\t\t\t\t<img src=\"https:\/\/www.dbasystems.pl\/wp-content\/plugins\/uxbarn-portfolio\/images\/placeholders\/port-grid.gif\" alt=\"No Thumbnail\" \/>\r\n\t\t\t\t\t\t<\/div><div class=\"uxb-port-element-item term_2 \">\r\n\t\t\t\t\t\t\t<a href=\"https:\/\/www.dbasystems.pl\/index.php\/portfolio\/hotel-sepia-w-bydgoszczy-2\/\"><\/a>\r\n\t\t\t\t\t\t\t<div class=\"uxb-port-element-item-hover\">\r\n\t\t\t\t\t\t\t\t<div class=\"uxb-port-element-item-hover-info\"><h4 class=\"portfolio-item-title\">INCBR Pu\u0142awy<\/h4><\/div>\r\n\t\t\t\t\t\t\t<\/div>\r\n\t\t\t\t\t\t\t<img src=\"https:\/\/www.dbasystems.pl\/wp-content\/plugins\/uxbarn-portfolio\/images\/placeholders\/port-grid.gif\" alt=\"No Thumbnail\" \/>\r\n\t\t\t\t\t\t<\/div><div class=\"uxb-port-element-item term_2 \">\r\n\t\t\t\t\t\t\t<a href=\"https:\/\/www.dbasystems.pl\/index.php\/portfolio\/cbpio-poznan\/\"><\/a>\r\n\t\t\t\t\t\t\t<div class=\"uxb-port-element-item-hover\">\r\n\t\t\t\t\t\t\t\t<div class=\"uxb-port-element-item-hover-info\"><h4 class=\"portfolio-item-title\">CBPIO Pozna\u0144<\/h4><\/div>\r\n\t\t\t\t\t\t\t<\/div>\r\n\t\t\t\t\t\t\t<img src=\"https:\/\/www.dbasystems.pl\/wp-content\/plugins\/uxbarn-portfolio\/images\/placeholders\/port-grid.gif\" alt=\"No Thumbnail\" \/>\r\n\t\t\t\t\t\t<\/div><div class=\"uxb-port-element-item term_4 \">\r\n\t\t\t\t\t\t\t<a href=\"https:\/\/www.dbasystems.pl\/index.php\/portfolio\/laboratorium-metrologii\/\"><\/a>\r\n\t\t\t\t\t\t\t<div class=\"uxb-port-element-item-hover\">\r\n\t\t\t\t\t\t\t\t<div class=\"uxb-port-element-item-hover-info\"><h4 class=\"portfolio-item-title\">Laboratorium Metrologii<\/h4><\/div>\r\n\t\t\t\t\t\t\t<\/div>\r\n\t\t\t\t\t\t\t<img src=\"https:\/\/www.dbasystems.pl\/wp-content\/plugins\/uxbarn-portfolio\/images\/placeholders\/port-grid.gif\" alt=\"No Thumbnail\" \/>\r\n\t\t\t\t\t\t<\/div><div class=\"uxb-port-element-item term_4 \">\r\n\t\t\t\t\t\t\t<a href=\"https:\/\/www.dbasystems.pl\/index.php\/portfolio\/unilever-s-a\/\"><\/a>\r\n\t\t\t\t\t\t\t<div class=\"uxb-port-element-item-hover\">\r\n\t\t\t\t\t\t\t\t<div class=\"uxb-port-element-item-hover-info\"><h4 class=\"portfolio-item-title\">Unilever S.A.<\/h4><\/div>\r\n\t\t\t\t\t\t\t<\/div>\r\n\t\t\t\t\t\t\t<img src=\"https:\/\/www.dbasystems.pl\/wp-content\/plugins\/uxbarn-portfolio\/images\/placeholders\/port-grid.gif\" alt=\"No Thumbnail\" \/>\r\n\t\t\t\t\t\t<\/div><div class=\"uxb-port-element-item term_4 \">\r\n\t\t\t\t\t\t\t<a href=\"https:\/\/www.dbasystems.pl\/index.php\/portfolio\/fabryka-mars-polska\/\"><\/a>\r\n\t\t\t\t\t\t\t<div class=\"uxb-port-element-item-hover\">\r\n\t\t\t\t\t\t\t\t<div class=\"uxb-port-element-item-hover-info\"><h4 class=\"portfolio-item-title\">Fabryka Mars Polska<\/h4><\/div>\r\n\t\t\t\t\t\t\t<\/div>\r\n\t\t\t\t\t\t\t<img src=\"https:\/\/www.dbasystems.pl\/wp-content\/plugins\/uxbarn-portfolio\/images\/placeholders\/port-grid.gif\" alt=\"No Thumbnail\" \/>\r\n\t\t\t\t\t\t<\/div><div class=\"uxb-port-element-item term_4 \">\r\n\t\t\t\t\t\t\t<a href=\"https:\/\/www.dbasystems.pl\/index.php\/portfolio\/zaklad-mleczarski\/\"><\/a>\r\n\t\t\t\t\t\t\t<div class=\"uxb-port-element-item-hover\">\r\n\t\t\t\t\t\t\t\t<div class=\"uxb-port-element-item-hover-info\"><h4 class=\"portfolio-item-title\">Zak\u0142ad mleczarski<\/h4><\/div>\r\n\t\t\t\t\t\t\t<\/div>\r\n\t\t\t\t\t\t\t<img src=\"https:\/\/www.dbasystems.pl\/wp-content\/plugins\/uxbarn-portfolio\/images\/placeholders\/port-grid.gif\" alt=\"No Thumbnail\" \/>\r\n\t\t\t\t\t\t<\/div><div class=\"uxb-port-element-item term_5 \">\r\n\t\t\t\t\t\t\t<a href=\"https:\/\/www.dbasystems.pl\/index.php\/portfolio\/oczyszczalnia-sciekow-przemyslowych\/\"><\/a>\r\n\t\t\t\t\t\t\t<div class=\"uxb-port-element-item-hover\">\r\n\t\t\t\t\t\t\t\t<div class=\"uxb-port-element-item-hover-info\"><h4 class=\"portfolio-item-title\">Oczyszczalnia \u015bciek\u00f3w przemys\u0142owych<\/h4><\/div>\r\n\t\t\t\t\t\t\t<\/div>\r\n\t\t\t\t\t\t\t<img src=\"https:\/\/www.dbasystems.pl\/wp-content\/plugins\/uxbarn-portfolio\/images\/placeholders\/port-grid.gif\" alt=\"No Thumbnail\" \/>\r\n\t\t\t\t\t\t<\/div><div class=\"uxb-port-element-item term_5 \">\r\n\t\t\t\t\t\t\t<a href=\"https:\/\/www.dbasystems.pl\/index.php\/portfolio\/molex-polska\/\"><\/a>\r\n\t\t\t\t\t\t\t<div class=\"uxb-port-element-item-hover\">\r\n\t\t\t\t\t\t\t\t<div class=\"uxb-port-element-item-hover-info\"><h4 class=\"portfolio-item-title\">Molex Polska<\/h4><\/div>\r\n\t\t\t\t\t\t\t<\/div>\r\n\t\t\t\t\t\t\t<img src=\"https:\/\/www.dbasystems.pl\/wp-content\/plugins\/uxbarn-portfolio\/images\/placeholders\/port-grid.gif\" alt=\"No Thumbnail\" \/>\r\n\t\t\t\t\t\t<\/div><\/div><\/div><\/div><\/div><\/div><\/div>","protected":false},"excerpt":{"rendered":"<p>Na rynku automatyki budynkowej oraz przemys\u0142owej, funkcjonujemy od 2009 roku. W tym czasie zrealizowali\u015bmy wiele ciekawych temat\u00f3w. Poni\u017cej przedstawiamy Pa\u0144stwu nasze najciekawsze realizacje.<\/p>\n","protected":false},"author":2,"featured_media":0,"parent":0,"menu_order":0,"comment_status":"closed","ping_status":"closed","template":"","meta":[],"yoast_head":"<!-- This site is optimized with the Yoast SEO plugin v18.9 - https:\/\/yoast.com\/wordpress\/plugins\/seo\/ -->\n<title>Realizacje - DBASystems Sp. z o.o.<\/title>\n<meta name=\"description\" content=\"Na rynku automatyki budynkowej oraz przemys\u0142owej dzia\u0142amy od 2009 roku. Przedstawiamy Pa\u0144stwu nasze najciekawsze realizacje.\" \/>\n<meta name=\"robots\" content=\"index, follow, max-snippet:-1, max-image-preview:large, max-video-preview:-1\" \/>\n<link rel=\"canonical\" href=\"https:\/\/www.dbasystems.pl\/index.php\/realizacje\/\" \/>\n<meta property=\"og:locale\" content=\"pl_PL\" \/>\n<meta property=\"og:type\" content=\"article\" \/>\n<meta property=\"og:title\" content=\"Realizacje - DBASystems Sp. z o.o.\" \/>\n<meta property=\"og:description\" content=\"Na rynku automatyki budynkowej oraz przemys\u0142owej dzia\u0142amy od 2009 roku. Przedstawiamy Pa\u0144stwu nasze najciekawsze realizacje.\" \/>\n<meta property=\"og:url\" content=\"https:\/\/www.dbasystems.pl\/index.php\/realizacje\/\" \/>\n<meta property=\"og:site_name\" content=\"DBASystems Sp. z o.o.\" \/>\n<meta property=\"article:publisher\" content=\"https:\/\/facebook.com\/dbasystems\" \/>\n<meta property=\"article:modified_time\" content=\"2022-05-18T06:23:11+00:00\" \/>\n<meta property=\"og:image\" content=\"https:\/\/www.dbasystems.pl\/wp-content\/uploads\/2016\/06\/Heron-sm.jpg\" \/>\n<meta name=\"twitter:card\" content=\"summary_large_image\" \/>\n<meta name=\"twitter:label1\" content=\"Szacowany czas czytania\" \/>\n\t<meta name=\"twitter:data1\" content=\"1 minuta\" \/>\n<script type=\"application\/ld+json\" class=\"yoast-schema-graph\">{\"@context\":\"https:\/\/schema.org\",\"@graph\":[{\"@type\":\"Organization\",\"@id\":\"https:\/\/www.dbasystems.pl\/#organization\",\"name\":\"DBASystems Sp. z o.o.\",\"url\":\"https:\/\/www.dbasystems.pl\/\",\"sameAs\":[\"https:\/\/facebook.com\/dbasystems\"],\"logo\":{\"@type\":\"ImageObject\",\"inLanguage\":\"pl-PL\",\"@id\":\"https:\/\/www.dbasystems.pl\/#\/schema\/logo\/image\/\",\"url\":\"http:\/\/www.dbasystems.pl\/wp-content\/uploads\/2016\/03\/LogoDBASystems.jpg\",\"contentUrl\":\"http:\/\/www.dbasystems.pl\/wp-content\/uploads\/2016\/03\/LogoDBASystems.jpg\",\"width\":500,\"height\":500,\"caption\":\"DBASystems Sp. z o.o.\"},\"image\":{\"@id\":\"https:\/\/www.dbasystems.pl\/#\/schema\/logo\/image\/\"}},{\"@type\":\"WebSite\",\"@id\":\"https:\/\/www.dbasystems.pl\/#website\",\"url\":\"https:\/\/www.dbasystems.pl\/\",\"name\":\"DBASystems Sp. z o.o.\",\"description\":\"Database &amp; Automation Systems\",\"publisher\":{\"@id\":\"https:\/\/www.dbasystems.pl\/#organization\"},\"potentialAction\":[{\"@type\":\"SearchAction\",\"target\":{\"@type\":\"EntryPoint\",\"urlTemplate\":\"https:\/\/www.dbasystems.pl\/?s={search_term_string}\"},\"query-input\":\"required name=search_term_string\"}],\"inLanguage\":\"pl-PL\"},{\"@type\":\"WebPage\",\"@id\":\"https:\/\/www.dbasystems.pl\/index.php\/realizacje\/#webpage\",\"url\":\"https:\/\/www.dbasystems.pl\/index.php\/realizacje\/\",\"name\":\"Realizacje - DBASystems Sp. z o.o.\",\"isPartOf\":{\"@id\":\"https:\/\/www.dbasystems.pl\/#website\"},\"datePublished\":\"2016-03-23T15:54:51+00:00\",\"dateModified\":\"2022-05-18T06:23:11+00:00\",\"description\":\"Na rynku automatyki budynkowej oraz przemys\u0142owej dzia\u0142amy od 2009 roku. Przedstawiamy Pa\u0144stwu nasze najciekawsze realizacje.\",\"breadcrumb\":{\"@id\":\"https:\/\/www.dbasystems.pl\/index.php\/realizacje\/#breadcrumb\"},\"inLanguage\":\"pl-PL\",\"potentialAction\":[{\"@type\":\"ReadAction\",\"target\":[\"https:\/\/www.dbasystems.pl\/index.php\/realizacje\/\"]}]},{\"@type\":\"BreadcrumbList\",\"@id\":\"https:\/\/www.dbasystems.pl\/index.php\/realizacje\/#breadcrumb\",\"itemListElement\":[{\"@type\":\"ListItem\",\"position\":1,\"name\":\"Strona g\u0142\u00f3wna\",\"item\":\"https:\/\/www.dbasystems.pl\/\"},{\"@type\":\"ListItem\",\"position\":2,\"name\":\"Realizacje\"}]}]}<\/script>\n<!-- \/ Yoast SEO plugin. -->","yoast_head_json":{"title":"Realizacje - DBASystems Sp. z o.o.","description":"Na rynku automatyki budynkowej oraz przemys\u0142owej dzia\u0142amy od 2009 roku. Przedstawiamy Pa\u0144stwu nasze najciekawsze realizacje.","robots":{"index":"index","follow":"follow","max-snippet":"max-snippet:-1","max-image-preview":"max-image-preview:large","max-video-preview":"max-video-preview:-1"},"canonical":"https:\/\/www.dbasystems.pl\/index.php\/realizacje\/","og_locale":"pl_PL","og_type":"article","og_title":"Realizacje - DBASystems Sp. z o.o.","og_description":"Na rynku automatyki budynkowej oraz przemys\u0142owej dzia\u0142amy od 2009 roku. Przedstawiamy Pa\u0144stwu nasze najciekawsze realizacje.","og_url":"https:\/\/www.dbasystems.pl\/index.php\/realizacje\/","og_site_name":"DBASystems Sp. z o.o.","article_publisher":"https:\/\/facebook.com\/dbasystems","article_modified_time":"2022-05-18T06:23:11+00:00","og_image":[{"url":"https:\/\/www.dbasystems.pl\/wp-content\/uploads\/2016\/06\/Heron-sm.jpg"}],"twitter_card":"summary_large_image","twitter_misc":{"Szacowany czas czytania":"1 minuta"},"schema":{"@context":"https:\/\/schema.org","@graph":[{"@type":"Organization","@id":"https:\/\/www.dbasystems.pl\/#organization","name":"DBASystems Sp. z o.o.","url":"https:\/\/www.dbasystems.pl\/","sameAs":["https:\/\/facebook.com\/dbasystems"],"logo":{"@type":"ImageObject","inLanguage":"pl-PL","@id":"https:\/\/www.dbasystems.pl\/#\/schema\/logo\/image\/","url":"http:\/\/www.dbasystems.pl\/wp-content\/uploads\/2016\/03\/LogoDBASystems.jpg","contentUrl":"http:\/\/www.dbasystems.pl\/wp-content\/uploads\/2016\/03\/LogoDBASystems.jpg","width":500,"height":500,"caption":"DBASystems Sp. z o.o."},"image":{"@id":"https:\/\/www.dbasystems.pl\/#\/schema\/logo\/image\/"}},{"@type":"WebSite","@id":"https:\/\/www.dbasystems.pl\/#website","url":"https:\/\/www.dbasystems.pl\/","name":"DBASystems Sp. z o.o.","description":"Database &amp; Automation Systems","publisher":{"@id":"https:\/\/www.dbasystems.pl\/#organization"},"potentialAction":[{"@type":"SearchAction","target":{"@type":"EntryPoint","urlTemplate":"https:\/\/www.dbasystems.pl\/?s={search_term_string}"},"query-input":"required name=search_term_string"}],"inLanguage":"pl-PL"},{"@type":"WebPage","@id":"https:\/\/www.dbasystems.pl\/index.php\/realizacje\/#webpage","url":"https:\/\/www.dbasystems.pl\/index.php\/realizacje\/","name":"Realizacje - DBASystems Sp. z o.o.","isPartOf":{"@id":"https:\/\/www.dbasystems.pl\/#website"},"datePublished":"2016-03-23T15:54:51+00:00","dateModified":"2022-05-18T06:23:11+00:00","description":"Na rynku automatyki budynkowej oraz przemys\u0142owej dzia\u0142amy od 2009 roku. Przedstawiamy Pa\u0144stwu nasze najciekawsze realizacje.","breadcrumb":{"@id":"https:\/\/www.dbasystems.pl\/index.php\/realizacje\/#breadcrumb"},"inLanguage":"pl-PL","potentialAction":[{"@type":"ReadAction","target":["https:\/\/www.dbasystems.pl\/index.php\/realizacje\/"]}]},{"@type":"BreadcrumbList","@id":"https:\/\/www.dbasystems.pl\/index.php\/realizacje\/#breadcrumb","itemListElement":[{"@type":"ListItem","position":1,"name":"Strona g\u0142\u00f3wna","item":"https:\/\/www.dbasystems.pl\/"},{"@type":"ListItem","position":2,"name":"Realizacje"}]}]}},"_links":{"self":[{"href":"https:\/\/www.dbasystems.pl\/index.php\/wp-json\/wp\/v2\/pages\/11"}],"collection":[{"href":"https:\/\/www.dbasystems.pl\/index.php\/wp-json\/wp\/v2\/pages"}],"about":[{"href":"https:\/\/www.dbasystems.pl\/index.php\/wp-json\/wp\/v2\/types\/page"}],"author":[{"embeddable":true,"href":"https:\/\/www.dbasystems.pl\/index.php\/wp-json\/wp\/v2\/users\/2"}],"replies":[{"embeddable":true,"href":"https:\/\/www.dbasystems.pl\/index.php\/wp-json\/wp\/v2\/comments?post=11"}],"version-history":[{"count":6,"href":"https:\/\/www.dbasystems.pl\/index.php\/wp-json\/wp\/v2\/pages\/11\/revisions"}],"predecessor-version":[{"id":256,"href":"https:\/\/www.dbasystems.pl\/index.php\/wp-json\/wp\/v2\/pages\/11\/revisions\/256"}],"wp:attachment":[{"href":"https:\/\/www.dbasystems.pl\/index.php\/wp-json\/wp\/v2\/media?parent=11"}],"curies":[{"name":"wp","href":"https:\/\/api.w.org\/{rel}","templated":true}]}}